{"id":1238,"date":"2018-11-12T14:33:26","date_gmt":"2018-11-12T13:33:26","guid":{"rendered":"https:\/\/www.franzelbernturnier.de\/?page_id=1238"},"modified":"2019-06-13T14:39:57","modified_gmt":"2019-06-13T12:39:57","slug":"e-jugend-jh-2008","status":"publish","type":"page","link":"https:\/\/www.franzelbernturnier.de\/index.php\/archiv\/turnierplaene-2024\/e-jugend-jh-2008\/","title":{"rendered":"E-Jugend (Jh. 2008)"},"content":{"rendered":"<p>Jahrgang: 2008 (\u00e4ltere E-Jugend)<br \/>\nSpielzeit: 1 x 15 Minuten<br \/>\nPausen: 2 Minuten<br \/>\nPl\u00e4tze: 1 Rasenplatz, 2 Kunstrasenpl\u00e4tze<br \/>\nModus: 7 gegen 7<br \/>\nTurnierbeginn: 14:15 Uhr<br \/>\nTurnierende: ca. 18:30 Uhr<br \/>\nTag des Turniers: Samstag, den 15.06.2019<br \/>\nTurnierplan: <a href=\"https:\/\/www.franzelbernturnier.de\/wp-content\/uploads\/2019\/06\/e_u11_fet_2019.pdf\">Download<\/a> (<em>PDF &#8211; 44 kb<\/em>)<\/p>\n<p><strong>Teilnehmer (14\/14)<\/strong><\/p>\n<ul>\n<li>JSG Beuel E1<\/li>\n<li>JSG Beuel E4<\/li>\n<li>FV Preu\u00dfen Bonn<\/li>\n<li>DJK Viktoria Frechen<\/li>\n<li>GESV Hennef<\/li>\n<li>Spfr. RW Beuel<\/li>\n<li>Spfr. Ippendorf I &amp; II<\/li>\n<li>JSG Wolfstein\/Norken<\/li>\n<li>1. FC Niederkassel<\/li>\n<li>CfB Ford Niehl<\/li>\n<li>1. FC Monheim<\/li>\n<li>SV Deutz 05 I &#038; II<\/li>\n<\/ul>\n","protected":false},"excerpt":{"rendered":"<p>Jahrgang: 2008 (\u00e4ltere E-Jugend) Spielzeit: 1 x 15 Minuten Pausen: 2 Minuten Pl\u00e4tze: 1 Rasenplatz, 2 Kunstrasenpl\u00e4tze Modus: 7 gegen 7 Turnierbeginn: 14:15 Uhr Turnierende: ca. 18:30 Uhr Tag des Turniers: Samstag, den 15.06.2019 Turnierplan: Download (PDF &#8211; 44 kb) Teilnehmer (14\/14) JSG Beuel E1 JSG Beuel E4 FV Preu\u00dfen Bonn DJK Viktoria Frechen GESV&#8230; <a href=\"https:\/\/www.franzelbernturnier.de\/index.php\/archiv\/turnierplaene-2024\/e-jugend-jh-2008\/\" class=\"more-link\">Weiterlesen <span class=\"screen-reader-text\">E-Jugend (Jh. 2008)<\/span><\/a><\/p>\n","protected":false},"author":1,"featured_media":0,"parent":1184,"menu_order":0,"comment_status":"closed","ping_status":"closed","template":"","meta":{"footnotes":""},"class_list":["post-1238","page","type-page","status-publish","hentry"],"_links":{"self":[{"href":"https:\/\/www.franzelbernturnier.de\/index.php\/wp-json\/wp\/v2\/pages\/1238","targetHints":{"allow":["GET"]}}],"collection":[{"href":"https:\/\/www.franzelbernturnier.de\/index.php\/wp-json\/wp\/v2\/pages"}],"about":[{"href":"https:\/\/www.franzelbernturnier.de\/index.php\/wp-json\/wp\/v2\/types\/page"}],"author":[{"embeddable":true,"href":"https:\/\/www.franzelbernturnier.de\/index.php\/wp-json\/wp\/v2\/users\/1"}],"replies":[{"embeddable":true,"href":"https:\/\/www.franzelbernturnier.de\/index.php\/wp-json\/wp\/v2\/comments?post=1238"}],"version-history":[{"count":28,"href":"https:\/\/www.franzelbernturnier.de\/index.php\/wp-json\/wp\/v2\/pages\/1238\/revisions"}],"predecessor-version":[{"id":1707,"href":"https:\/\/www.franzelbernturnier.de\/index.php\/wp-json\/wp\/v2\/pages\/1238\/revisions\/1707"}],"up":[{"embeddable":true,"href":"https:\/\/www.franzelbernturnier.de\/index.php\/wp-json\/wp\/v2\/pages\/1184"}],"wp:attachment":[{"href":"https:\/\/www.franzelbernturnier.de\/index.php\/wp-json\/wp\/v2\/media?parent=1238"}],"curies":[{"name":"wp","href":"https:\/\/api.w.org\/{rel}","templated":true}]}}