{"id":1245,"date":"2018-11-12T15:09:13","date_gmt":"2018-11-12T14:09:13","guid":{"rendered":"https:\/\/www.franzelbernturnier.de\/?page_id=1245"},"modified":"2019-06-14T22:06:27","modified_gmt":"2019-06-14T20:06:27","slug":"e-jugend-jh-2009","status":"publish","type":"page","link":"https:\/\/www.franzelbernturnier.de\/index.php\/archiv\/turnierplaene-2024\/e-jugend-jh-2009\/","title":{"rendered":"E-Jugend (Jh. 2009)"},"content":{"rendered":"<p>Jahrgang: 2009 (j\u00fcngere E-Jugend)<br \/>\nSpielzeit: 1 x 10 Minuten<br \/>\nPausen: 2 Minuten<br \/>\nPl\u00e4tze: 3 Rasenpl\u00e4tze<br \/>\nModus: 7 gegen 7<br \/>\nTurnierbeginn: 14:15 Uhr<br \/>\nTurnierende: ca. 18:00 Uhr<br \/>\nTag des Turniers: Samstag, den 15.06.2019<br \/>\nTurnierplan: <a href=\"https:\/\/www.franzelbernturnier.de\/wp-content\/uploads\/2019\/06\/e_u10_fet_2019.pdf\">Download<\/a> (<em>PDF &#8211; 46 kb<\/em>)<\/p>\n<p><strong>Teilnehmer (14\/15)<\/strong><\/p>\n<ul>\n<li>JSG Beuel E2<\/li>\n<li>JSG Beuel E3<\/li>\n<li>Rot-Wei\u00df R\u00f6ttgen<\/li>\n<li>Oberkasseler FV<\/li>\n<li>TV Rott<\/li>\n<li>Spfr. RW Beuel<\/li>\n<li>SV Deutz 05<\/li>\n<li>FC Pech<\/li>\n<li>SV Buschdorf<\/li>\n<li>SC Borussia Lindenthal-Hohenlind<\/li>\n<li>FC Germania Metternich<\/li>\n<li>FV Preu\u00dfen Bonn<\/li>\n<li>FC BW Friesdorf<\/li>\n<li>SG 99 Andernach<\/li>\n<\/ul>\n","protected":false},"excerpt":{"rendered":"<p>Jahrgang: 2009 (j\u00fcngere E-Jugend) Spielzeit: 1 x 10 Minuten Pausen: 2 Minuten Pl\u00e4tze: 3 Rasenpl\u00e4tze Modus: 7 gegen 7 Turnierbeginn: 14:15 Uhr Turnierende: ca. 18:00 Uhr Tag des Turniers: Samstag, den 15.06.2019 Turnierplan: Download (PDF &#8211; 46 kb) Teilnehmer (14\/15) JSG Beuel E2 JSG Beuel E3 Rot-Wei\u00df R\u00f6ttgen Oberkasseler FV TV Rott Spfr. RW Beuel&#8230; <a href=\"https:\/\/www.franzelbernturnier.de\/index.php\/archiv\/turnierplaene-2024\/e-jugend-jh-2009\/\" class=\"more-link\">Weiterlesen <span class=\"screen-reader-text\">E-Jugend (Jh. 2009)<\/span><\/a><\/p>\n","protected":false},"author":1,"featured_media":0,"parent":1184,"menu_order":0,"comment_status":"closed","ping_status":"closed","template":"","meta":{"footnotes":""},"class_list":["post-1245","page","type-page","status-publish","hentry"],"_links":{"self":[{"href":"https:\/\/www.franzelbernturnier.de\/index.php\/wp-json\/wp\/v2\/pages\/1245","targetHints":{"allow":["GET"]}}],"collection":[{"href":"https:\/\/www.franzelbernturnier.de\/index.php\/wp-json\/wp\/v2\/pages"}],"about":[{"href":"https:\/\/www.franzelbernturnier.de\/index.php\/wp-json\/wp\/v2\/types\/page"}],"author":[{"embeddable":true,"href":"https:\/\/www.franzelbernturnier.de\/index.php\/wp-json\/wp\/v2\/users\/1"}],"replies":[{"embeddable":true,"href":"https:\/\/www.franzelbernturnier.de\/index.php\/wp-json\/wp\/v2\/comments?post=1245"}],"version-history":[{"count":22,"href":"https:\/\/www.franzelbernturnier.de\/index.php\/wp-json\/wp\/v2\/pages\/1245\/revisions"}],"predecessor-version":[{"id":1732,"href":"https:\/\/www.franzelbernturnier.de\/index.php\/wp-json\/wp\/v2\/pages\/1245\/revisions\/1732"}],"up":[{"embeddable":true,"href":"https:\/\/www.franzelbernturnier.de\/index.php\/wp-json\/wp\/v2\/pages\/1184"}],"wp:attachment":[{"href":"https:\/\/www.franzelbernturnier.de\/index.php\/wp-json\/wp\/v2\/media?parent=1245"}],"curies":[{"name":"wp","href":"https:\/\/api.w.org\/{rel}","templated":true}]}}