{"id":1253,"date":"2018-11-12T15:20:59","date_gmt":"2018-11-12T14:20:59","guid":{"rendered":"https:\/\/www.franzelbernturnier.de\/?page_id=1253"},"modified":"2019-06-14T08:49:24","modified_gmt":"2019-06-14T06:49:24","slug":"f-jugend-jh-2010","status":"publish","type":"page","link":"https:\/\/www.franzelbernturnier.de\/index.php\/archiv\/turnierplaene-2024\/f-jugend-jh-2010\/","title":{"rendered":"F-Jugend (Jh. 2010)"},"content":{"rendered":"<p>Jahrgang: 2010 (\u00e4ltere F-Jugend)<br \/>\nSpielzeit: 1 x 10 Minuten<br \/>\nPausen: 2 Minuten<br \/>\nPl\u00e4tze: 2 Kunstrasenpl\u00e4tze, 1 Naturrasenplatz<br \/>\nModus: 7 gegen 7<br \/>\nTurnierbeginn: 09:15 Uhr<br \/>\nTurnierende: ca. 13:30 Uhr<br \/>\nTag des Turniers: Samstag, den 15.06.2019<br \/>\nTurnierplan: <a href=\"https:\/\/www.franzelbernturnier.de\/wp-content\/uploads\/2019\/06\/f_u9_fet_2019.pdf\">Download<\/a> (<em>PDF &#8211; 62 kb<\/em>)<\/p>\n<p><strong>Teilnehmer (16\/16)<br \/>\n<\/strong><\/p>\n<ul>\n<li>JSG Beuel F1<\/li>\n<li>JSG Beuel F3<\/li>\n<li>SV Ennert<\/li>\n<li>FC Bensberg<\/li>\n<li>FC Pech I &#038; II<\/li>\n<li>FV Preu\u00dfen Bonn<\/li>\n<li>Oberkassler FV (F2)<\/li>\n<li>Spfr. Rot-Weiss Beuel<\/li>\n<li>SC Blau-Wei\u00df K\u00f6ln<\/li>\n<li>Deutz 05<\/li>\n<li>FC Buschdorf<\/li>\n<li>FC Eintracht Geislar<\/li>\n<li>1. FC Niederkassel<\/li>\n<li>TuS G. Hersel (F1)<\/li>\n<li>FC Adler Meindorf<\/li>\n<\/ul>\n","protected":false},"excerpt":{"rendered":"<p>Jahrgang: 2010 (\u00e4ltere F-Jugend) Spielzeit: 1 x 10 Minuten Pausen: 2 Minuten Pl\u00e4tze: 2 Kunstrasenpl\u00e4tze, 1 Naturrasenplatz Modus: 7 gegen 7 Turnierbeginn: 09:15 Uhr Turnierende: ca. 13:30 Uhr Tag des Turniers: Samstag, den 15.06.2019 Turnierplan: Download (PDF &#8211; 62 kb) Teilnehmer (16\/16) JSG Beuel F1 JSG Beuel F3 SV Ennert FC Bensberg FC Pech I&#8230; <a href=\"https:\/\/www.franzelbernturnier.de\/index.php\/archiv\/turnierplaene-2024\/f-jugend-jh-2010\/\" class=\"more-link\">Weiterlesen <span class=\"screen-reader-text\">F-Jugend (Jh. 2010)<\/span><\/a><\/p>\n","protected":false},"author":1,"featured_media":0,"parent":1184,"menu_order":0,"comment_status":"closed","ping_status":"closed","template":"","meta":{"footnotes":""},"class_list":["post-1253","page","type-page","status-publish","hentry"],"_links":{"self":[{"href":"https:\/\/www.franzelbernturnier.de\/index.php\/wp-json\/wp\/v2\/pages\/1253","targetHints":{"allow":["GET"]}}],"collection":[{"href":"https:\/\/www.franzelbernturnier.de\/index.php\/wp-json\/wp\/v2\/pages"}],"about":[{"href":"https:\/\/www.franzelbernturnier.de\/index.php\/wp-json\/wp\/v2\/types\/page"}],"author":[{"embeddable":true,"href":"https:\/\/www.franzelbernturnier.de\/index.php\/wp-json\/wp\/v2\/users\/1"}],"replies":[{"embeddable":true,"href":"https:\/\/www.franzelbernturnier.de\/index.php\/wp-json\/wp\/v2\/comments?post=1253"}],"version-history":[{"count":18,"href":"https:\/\/www.franzelbernturnier.de\/index.php\/wp-json\/wp\/v2\/pages\/1253\/revisions"}],"predecessor-version":[{"id":1721,"href":"https:\/\/www.franzelbernturnier.de\/index.php\/wp-json\/wp\/v2\/pages\/1253\/revisions\/1721"}],"up":[{"embeddable":true,"href":"https:\/\/www.franzelbernturnier.de\/index.php\/wp-json\/wp\/v2\/pages\/1184"}],"wp:attachment":[{"href":"https:\/\/www.franzelbernturnier.de\/index.php\/wp-json\/wp\/v2\/media?parent=1253"}],"curies":[{"name":"wp","href":"https:\/\/api.w.org\/{rel}","templated":true}]}}