{"id":175,"date":"2016-06-15T12:31:57","date_gmt":"2016-06-15T10:31:57","guid":{"rendered":"https:\/\/www.franzelbernturnier.de\/?page_id=175"},"modified":"2026-01-22T13:32:29","modified_gmt":"2026-01-22T12:32:29","slug":"turnierordnung","status":"publish","type":"page","link":"https:\/\/www.franzelbernturnier.de\/index.php\/turnierordnung\/","title":{"rendered":"Turnierordnung"},"content":{"rendered":"<h2><img loading=\"lazy\" decoding=\"async\" class=\"wp-image-25 alignleft\" src=\"\/uploads\/2016\/05\/jsgbeuel.jpg\" alt=\"jsgbeuel\" width=\"100\" height=\"100\" srcset=\"https:\/\/www.franzelbernturnier.de\/wp-content\/uploads\/2016\/05\/jsgbeuel.jpg 200w, https:\/\/www.franzelbernturnier.de\/wp-content\/uploads\/2016\/05\/jsgbeuel-150x150.jpg 150w\" sizes=\"auto, (max-width: 100px) 100vw, 100px\" \/>Turnierordnung<br \/>\nFranz-Elbern-Turnier<br \/>\n12. Auflage &#8211; 2026<\/h2>\n<p style=\"text-align: right;\"><em><a href=\"https:\/\/www.franzelbernturnier.de\/wp-content\/uploads\/2026\/01\/turnierordnung_fet_2026.pdf\">Druckversion (pdf)<\/a><\/em><\/p>\n<p>Ausrichter des Turniers ist die JSG Beuel e.V.<\/p>\n<p>1.\u00a0\u00a0 \u00a0Gespielt wird nach den Regeln des DFB\/WDFV\/FVM.<\/p>\n<p>2.\u00a0\u00a0\u00a0 Mannschaftsmeldeb\u00f6gen\/Spielberichtsb\u00f6gen bitte \u00fcber das DFBnet bis 15 Minuten vor Turnierbeginn freigeben.<\/p>\n<p>3.\u00a0\u00a0 \u00a0Alter der Spieler\/innen:<br \/>\nEs d\u00fcrfen nur spielberechtigte Spieler(innen) eingesetzt werden. Von Jahrgang 2020 bis einschlie\u00dflich D-Jugend (Jg. 2013) veranstalten wir Jahrgangsturniere, j\u00fcngere Spieler sind nat\u00fcrlich erlaubt. Ansonsten gelten die Stichtage des WDFV f\u00fcr die Saison 2025\/2026.<\/p>\n<ul>\n<li>U6 Spielefest Jahrgang: 2020<\/li>\n<li>U7 Spielefest Jahrgang: 2019<\/li>\n<li>U8 Turnier Jahrgang: 2018<\/li>\n<li>U9 Turnier Jahrgang: 2017<\/li>\n<li>U10 Turnier Jahrgang: 2016<\/li>\n<li>U11 Turnier Jahrgang: 2015<\/li>\n<li>U12 Turnier Jahrgang: 2014<\/li>\n<li>U13 Turnier Jahrgang: 2013<\/li>\n<li>U15 Turnier Jahrgang: 2011\/2012<\/li>\n<li>U17 Turnier Jahrgang: 2009\/2010<\/li>\n<li>U19 Turnier Jahrgang: 2007\/2008<\/li>\n<\/ul>\n<p>4.\u00a0 Spielfeld\/Tore:<br \/>\nU6 &amp; U7: <strong>Spielefest<\/strong> auf Minitore, Funinospielfeld &#8211; 3 vs. 3<br \/>\nU8: Turnier auf Minitore, Funinospielfeld &#8211; 4 vs. 4<br \/>\nU9 Turnier: 5 vs. 5 (4 Feldspieler+Torh\u00fcter), Jugendtore (5 Meter breit), Kleinfeld (ca. 30 x 25 Meter)<br \/>\nU10 &#038; U11 Turnier: 5 vs. 5 (4 Feldspieler+Torh\u00fcter), Jugendtore (5 Meter breit), Kleinfeld (ca. 40 x 28 Meter)<br \/>\nU12 &amp; U13 Turniere: Jugendtore (5 Meter breit), Spielfeld (ca. 60 x 45 Meter)<br \/>\nU15 bis U19 Turnier: Tore (7,32 Meter breit), gro\u00dfes Spielfeld<\/p>\n<p>5.\u00a0 Spielzeit:<br \/>\nDie Spieldauer ist in den Spielpl\u00e4nen festgelegt.<\/p>\n<p>6.\u00a0 Auswechslungen:<br \/>\nEs darf beliebig ein- und ausgewechselt werden (&#8220;Fliegender Wechsel&#8221;), aber nur im Bereich der Mittellinie. Bei Spielen mit Schiedsrichter, m\u00fcssen die Wechsel beim Schiedsrichter angemeldet werden.<\/p>\n<p>7.\u00a0 Mannschaftsgr\u00f6\u00dfe:<br \/>\nEine Mannschaft kann aus beliebig vielen Spielern bestehen. Gespielt wird<br \/>\nU6 und U7 Spielefeste, Teams m\u00fcssen aus min. 3 Spielern bestehen, plus 1 Wechselspieler<br \/>\nU8 Turnier: 4 Spieler<br \/>\nU9 bis U11 Turnier: 4 Feldspieler und 1 Torwart<br \/>\nU12 und U13 Turniere: 8 Feldspieler und 1 Torwart<br \/>\nU15 bis U19 Turnier: 10 Feldspieler und 1 Torwart<\/p>\n<p>8. Ansto\u00df:<br \/>\nDie auf dem Spielplan zweitgenannte Mannschaft hat Ansto\u00df.<br \/>\nWo steht welches Team beim Ansto\u00df:<br \/>\nKunstrasenplatz Gro\u00dffeld:<br \/>\n&#8211; Im Spielplan erstgenannte Mannschaft: linke Seite von der Turnierleitung ausgesehen<br \/>\nKunstrasenplatz Kleinspielfeld (2 Spielfelder):<br \/>\n&#8211; Im Spielplan erstgenannte Mannschaft: Turnierleitung im R\u00fccken\/Blickrichtung weg von der Turnierleitung<br \/>\nKunstrasenplatz Kleinspielfeld (4 Spielfelder):<br \/>\n&#8211; Im Spielplan erstgenannte Mannschaft: linke Seite von der Turnierleitung ausgesehen<br \/>\nRasenplatz Gro\u00dffeld:<br \/>\n&#8211; Im Spielplan erstgenannte Mannschaft: Turnierleitung im R\u00fccken\/Blickrichtung weg von der Turnierleitung<br \/>\nRasenplatz Kleinspielfeld (2 Spielfelder):<br \/>\n&#8211; Im Spielplan erstgenannte Mannschaft: linke Seite von der Turnierleitung ausgesehen<br \/>\nRasenplatz Kleinspielfeld (4 Spielfelder):<br \/>\n&#8211; Im Spielplan erstgenannte Mannschaft: Turnierleitung im R\u00fccken\/Blickrichtung weg von der Turnierleitung<\/p>\n<p>9. R\u00fcckpass:<br \/>\nBei den U12-U19 Turnieren kommt die R\u00fcckpassregel zur Anwendung. Wenn ein Mitspieler den Ball absichtlich seinem Torwart mit dem Fu\u00df oder durch einen Einwurf zuspielt, ist es dem Torwart untersagt, den Ball mit den H\u00e4nden zu ber\u00fchren bzw. aufzunehmen, ansonsten wird auf indirekten Freisto\u00df entschieden.<\/p>\n<p>10. Freisto\u00df:<br \/>\nBei den U8 bis einschl. U13 Turnieren f\u00fchren nur indirekt ausgef\u00fchrte Freist\u00f6\u00dfe zum Torerfolg.<\/p>\n<p>11. Abseits:<br \/>\nBei den U12 bis U19 Turnieren findet die Abseitsregel Anwendung. Bei allen anderen Altersklassen wird ohne Abseitsregelung gespielt.<\/p>\n<p>12. Pers\u00f6nliche Strafen:<br \/>\nSind die Verwarnungen &#8211; gelbe Karte, der Feldverweis auf Zeit (2 Minuten) &#8211; sowie der Feldverweis auf Dauer (rote Karte). Bei Feldverweis auf Dauer entscheidet die Turnierleitung \u00fcber eine angemessene Strafe (von einem Spiel bis Ausschluss vom Turnier).<\/p>\n<p>13. Spielwertungen:<br \/>\nF\u00fcr einen Sieg gibt es 3 Punkte, f\u00fcr ein Unentschieden gibt es 1 Punkt. Sollten nach den Gruppenspielen Mannschaften punktgleich stehen, entscheiden folgende Kriterien \u00fcber die<br \/>\nPlatzierung:<\/p>\n<ol>\n<li>Tordifferenz<\/li>\n<li>Ergebnis der direkten Begegnungen<\/li>\n<li>Mehrzahl der erzielten Tore<\/li>\n<li>Wenn, die Platzierung von zwei Teams nicht eindeutig mit den ersten 3 Kriterien zu ermitteln ist, entscheidet ein 8- bzw. 11 Meterschie\u00dfen (siehe Turnierordnung Punkt 17 &#8220;K.O. Spiele&#8221;). Sollte die Platzierung von mehreren Teams in einer Gruppe nicht eindeutig mit den ersten 3 Kriterien zu ermitteln sein, entscheidet die Turnierleitung \u00fcber eine geeinigte Form* der Ermittlung der Platzierungen. *M\u00f6gliche Verfahren: Elfmeterschie\u00dfen, Losentscheid, FairPlay Wertung&#8230;<\/li>\n<\/ol>\n<p>14. Einspr\u00fcche und Fragen zum Turnierablauf sind nur vom <strong>Trainer oder Mannschaftsbetreuer<\/strong> ausschlie\u00dflich an die Turnierleitung zu richten. Einspr\u00fcche (nicht gegen Tatsachenentscheidungen der Schiedsrichter) k\u00f6nnen nur bis zum Ende des nachfolgenden Spiels eingereicht werden. Die Turnierleitung entscheidet bei Einspr\u00fcchen sofort. Die Entscheidungen sind unanfechtbar.<\/p>\n<p>15. Trikots \/ Spielerkleidung:<br \/>\nDie im Spielplan zweitgenannte Mannschaft muss bei &#8220;Trikotgleichheit&#8221; ihre Trikots wechseln bzw. die von der Turnierleitung ausgeh\u00e4ndigten &#8220;Leibchen&#8221; \u00fcberziehen. Es besteht Schienbeinschonerpflicht. Auf dem Kunstrasenplatz darf nicht mit Stollenschuhen gespielt werden.<\/p>\n<p>16. Betreten des Platzes<br \/>\nDas Betreten der Pl\u00e4tze ist nur den Spielern und bis zu 3 Trainern je Team gestattet. Wir bitten alle Eltern und die weiteren Zuschauer, sich hinter der Abgrenzung aufzuhalten und die Spiele zu verfolgen. Das Betreten des &#8220;Gr\u00fcn&#8221; ist nicht gestattet. Dies gilt f\u00fcr <strong>alle<\/strong> Turniere.<\/p>\n<p>17. K.O. Spiele<br \/>\nIn den K.O.-Spielen folgt bei einem Unentschieden sofort ein 8 bzw. 11 Meterschie\u00dfen (je 3 Sch\u00fctzen pro Team). Bei einem Gleichstand treten die 3 selben Spieler in unver\u00e4nderter Reihenfolge im &#8220;Sudden Death&#8221; bis zur Entscheidung gegeneinander an. Ab den U15 Turniere gibt es 11 Meterschie\u00dfen.<\/p>\n<p>19. Schiedsrichter<br \/>\nF\u00fcr die F- &amp; E-Jugendturniere gelten die Fair-Play-Regeln. Bei Unstimmigkeiten entscheidet die Turnierleitung. Ab der D-Jugend werden die Schiedsrichter vom Fu\u00dfballkreis Bonn gestellt.<\/p>\n<p>20. Turniermodus<br \/>\nDer Turniermodus wird in den jeweiligen Spielpl\u00e4nen geregelt.<\/p>\n<p>21. Funino (U6\/U7\/U8)<\/p>\n<ul>\n<li>Tore k\u00f6nnen nur innerhalb der Torschusszone (wird entsprechend gekennzeichnet) erzielt werden.<\/li>\n<li>mit Anpfiff des Spiels liegt der Ball in der Mitte des Spielfeldes, beide Teams laufen von der \u201eeigenen\u201c Grundlinien ins Feld<\/li>\n<li>ein freiwilliger \u00dcberzahlspieler kann bei 3 Toren Abstand eingewechselt werden | bis 1 Tor Abstand hergestellt ist<\/li>\n<li>Eckb\u00e4lle\/Seitenaus in der gegnerischen Torschusszone: Eindribbeln oder passen au\u00dferhalb der Torschusszone statt Ecken oder Einwurf<\/li>\n<li>kein Einwurf, eindribbeln oder passen<\/li>\n<li>bei <em>&#8220;Absto\u00df&#8221;<\/em>\/Tor geht es zwischen den beiden Toren wieder los, der Ball wird eingedribbelt oder gepasst, die gegnerischen Spieler sind au\u00dferhalb der Torschusszone<\/li>\n<li>wird ein Tor von au\u00dferhalb der Schusszone erzielt, gilt es nicht und es geht dort weiter: wo die Kinder den haben bzw. ein Kind den Ball hat, eindribbeln, passen und weiterspielen<\/li>\n<li>es werden keine Ergebnisse aufgeschrieben (U6 &amp; U7)<\/li>\n<li>Gr\u00e4tschen am Gegenspieler sind zu vermeiden<\/li>\n<li>Die Spielzeit wird zentral gestoppt und entsprechen an-\/abgepfiffen. Bitte wechselt selbstst\u00e4ndig und rasch die Pl\u00e4tze.<\/li>\n<\/ul>\n<p>22. U9 bis U11 5gg5 Turnier<\/p>\n<ul>\n<li>Tore k\u00f6nnen nur innerhalb der Torschusszone (wird entsprechend gekennzeichnet) erzielt werden<\/li>\n<li>gespielt wird mit 5 Kinder je Team<\/li>\n<li>keine Abst\u00f6\u00dfe aus der Hand<\/li>\n<li>mit Anpfiff des Spiels liegt der Ball in der Mitte des Spielfeldes, beide Teams laufen von der &#8220;eigenen&#8221; Grundlinien ins Feld<\/li>\n<li>Eckb\u00e4lle\/Seitenaus in der gegnerischen Torschusszone: Eindribbeln oder einpassen au\u00dferhalb der gekennzeichneten Torschusszone statt Ecken oder Einwurf<\/li>\n<li>kein Einwurf, eindribbeln oder einpassen<\/li>\n<li>nach einem Tor, geht es beim Torwart wieder los, die gegnerischen Spieler m\u00fcssen sich au\u00dferhalb der Torschusszone aufhalten<\/li>\n<li>wird ein Tor von au\u00dferhalb der Schusszone erzielt, gilt es nicht und es geht dort weiter: wo die Kinder den Ball haben bzw. ein Kind den Ball hat, eindribbeln, einpassen und weiterspielen<\/li>\n<\/ul>\n<p>Bild-, Video- und Tonaufnahmen<br \/>\nDie Turnierleitung weist darauf hin, dass die Turnierleitung und von ihr bestimmte Fotografen\/innen im Rahmen der Berichterstattung \u00fcber das Turnier Aufnahmen<br \/>\nvon den Spielen und Mannschaften anfertigen und diese ver\u00f6ffentlichen werden. Dar\u00fcber hinaus bleibt das Recht am eigenen Bild ohne weitere Einschr\u00e4nkungen bestehen. Kontakt: fotos@jsg-beuel.de<\/p>\n<p>Der Veranstalter bzw. der Ausrichter \u00fcbernimmt keine Haftung f\u00fcr K\u00f6rper- und Sachsch\u00e4den, pers\u00f6nliche Ausr\u00fcstung sowie Wertgegenst\u00e4nde. Die Turnierleitung beh\u00e4lt sich einen Abbruch des Turniers vor.<br \/>\nDie Turnierleitung<\/p>\n<p style=\"text-align: right;\"><em><!--a href=\"https:\/\/www.franzelbernturnier.de\/wp-content\/uploads\/2019\/05\/turnierordnung_2019.pdf\">Druckversion (pdf)<\/a--><\/em><\/p>\n","protected":false},"excerpt":{"rendered":"<p>Turnierordnung Franz-Elbern-Turnier 12. Auflage &#8211; 2026 Druckversion (pdf) Ausrichter des Turniers ist die JSG Beuel e.V. 1.\u00a0\u00a0 \u00a0Gespielt wird nach den Regeln des DFB\/WDFV\/FVM. 2.\u00a0\u00a0\u00a0 Mannschaftsmeldeb\u00f6gen\/Spielberichtsb\u00f6gen bitte \u00fcber das DFBnet bis 15 Minuten vor Turnierbeginn freigeben. 3.\u00a0\u00a0 \u00a0Alter der Spieler\/innen: Es d\u00fcrfen nur spielberechtigte Spieler(innen) eingesetzt werden. Von Jahrgang 2020 bis einschlie\u00dflich D-Jugend (Jg. 2013)&#8230; <a href=\"https:\/\/www.franzelbernturnier.de\/index.php\/turnierordnung\/\" class=\"more-link\">Weiterlesen <span class=\"screen-reader-text\">Turnierordnung<\/span><\/a><\/p>\n","protected":false},"author":1,"featured_media":0,"parent":0,"menu_order":0,"comment_status":"closed","ping_status":"closed","template":"","meta":{"footnotes":""},"class_list":["post-175","page","type-page","status-publish","hentry"],"_links":{"self":[{"href":"https:\/\/www.franzelbernturnier.de\/index.php\/wp-json\/wp\/v2\/pages\/175","targetHints":{"allow":["GET"]}}],"collection":[{"href":"https:\/\/www.franzelbernturnier.de\/index.php\/wp-json\/wp\/v2\/pages"}],"about":[{"href":"https:\/\/www.franzelbernturnier.de\/index.php\/wp-json\/wp\/v2\/types\/page"}],"author":[{"embeddable":true,"href":"https:\/\/www.franzelbernturnier.de\/index.php\/wp-json\/wp\/v2\/users\/1"}],"replies":[{"embeddable":true,"href":"https:\/\/www.franzelbernturnier.de\/index.php\/wp-json\/wp\/v2\/comments?post=175"}],"version-history":[{"count":66,"href":"https:\/\/www.franzelbernturnier.de\/index.php\/wp-json\/wp\/v2\/pages\/175\/revisions"}],"predecessor-version":[{"id":3285,"href":"https:\/\/www.franzelbernturnier.de\/index.php\/wp-json\/wp\/v2\/pages\/175\/revisions\/3285"}],"wp:attachment":[{"href":"https:\/\/www.franzelbernturnier.de\/index.php\/wp-json\/wp\/v2\/media?parent=175"}],"curies":[{"name":"wp","href":"https:\/\/api.w.org\/{rel}","templated":true}]}}