{"id":1868,"date":"2022-11-24T17:29:25","date_gmt":"2022-11-24T16:29:25","guid":{"rendered":"https:\/\/www.franzelbernturnier.de\/?page_id=1868"},"modified":"2023-05-25T10:53:54","modified_gmt":"2023-05-25T08:53:54","slug":"f-jugend-u9-jg-2014","status":"publish","type":"page","link":"https:\/\/www.franzelbernturnier.de\/index.php\/archiv\/turnierplaene-2024\/f-jugend-u9-jg-2014\/","title":{"rendered":"F-Jugend U9 (Jg. 2014)"},"content":{"rendered":"<p>Jahrgang: 2014<br \/>\nSpielzeit: 1 x 10 Minuten<br \/>\nPause: 3 Minuten<br \/>\nTeams: 16<br \/>\nPl\u00e4tze: 4x Kunstrasenplatz<br \/>\nModus: 7 gegen 7 | 2 Gruppen a 7 Teams, Vorrunde, Finalspiele<br \/>\nTag des Turniers: Samstag, den 20. Mai 2023<br \/>\nTurnierbeginn: 09:00 Uhr<br \/>\nTurnierende: ca. 11:45 Uhr<br \/>\nTurnierplan\/Ergebnisse: <a href=\"https:\/\/www.franzelbernturnier.de\/wp-content\/uploads\/2023\/05\/fet_u9_erg.pdf\">Vorrunde<\/a> | <a href=\"https:\/\/www.franzelbernturnier.de\/wp-content\/uploads\/2023\/05\/fet_u9_erg2.pdf\">Finalrunde<\/a><\/p>\n<p><strong>Anmerkungen zum Turnierplan<\/strong>, er musste neu erstellt werden.<\/a><br \/>\nEs haben leider kurzfristig zwei Teams abgesagt, so dass wir einen neuen Turnierplan erstellen mussten. Der Plan ist f\u00fcr einige Teams zeitlich etwas anspruchsvoller, aber wer es von den Spielefesten kennt, wei\u00df bei den Spielefesten (Bambini und F-Jugend | Funino) wird ja auch ohne gro\u00dfe Pausen durchgespielt. Wir haben versucht den Plan so zu gestalten, dass f\u00fcr die Teams, die direkt mehrere Spiele hintereinander haben, kein Platzwechsel stattfinden muss. Der Turnierplan wurde automatisch mit &#8220;meinturnierplan.de&#8221; erstellt. Wir hoffen auf Euer Verst\u00e4ndnis!<br \/>\nNach der Vorrunde spielen die jeweils ersten 4 Teams der beiden Gruppen, die Pl\u00e4tze 1 bis 8 aus. Erster gegen Erster, Zweiter gegen Zweiter, Dritter gegen Dritter und Vierte gegen Vierte.<br \/>\nWir hoffen ihr kommt trotzdem alle! Wir freuen uns auf viele interessante Spiele!<br \/>\n<strong>Teilnehmer (14\/16):<\/strong><\/p>\n<ul>\n<li>JSG Beuel U9<\/li>\n<li>TuS G. Hersel<\/li>\n<li>VfL Lengsdorf<\/li>\n<li>VTA Bonn<\/li>\n<li>SC Fortuna Bonn<\/li>\n<li>TuS K\u00f6ln rrh.<\/li>\n<li>SSV Roggendorf<\/li>\n<li>SSV Leverkusen-Alkenrath<\/li>\n<li>1. FC Niederkassel<\/li>\n<li>FC Germania K\u00f6ln M\u00fchlheim<\/li>\n<li>SV Buschdorf<\/li>\n<li>VfL Alfter<\/li>\n<li> <\/li>\n<li>FV Salia Sechtem<\/li>\n<li>FC BW Friesdorf<\/li>\n<\/ul>\n","protected":false},"excerpt":{"rendered":"<p>Jahrgang: 2014 Spielzeit: 1 x 10 Minuten Pause: 3 Minuten Teams: 16 Pl\u00e4tze: 4x Kunstrasenplatz Modus: 7 gegen 7 | 2 Gruppen a 7 Teams, Vorrunde, Finalspiele Tag des Turniers: Samstag, den 20. Mai 2023 Turnierbeginn: 09:00 Uhr Turnierende: ca. 11:45 Uhr Turnierplan\/Ergebnisse: Vorrunde | Finalrunde Anmerkungen zum Turnierplan, er musste neu erstellt werden. Es&#8230; <a href=\"https:\/\/www.franzelbernturnier.de\/index.php\/archiv\/turnierplaene-2024\/f-jugend-u9-jg-2014\/\" class=\"more-link\">Weiterlesen <span class=\"screen-reader-text\">F-Jugend U9 (Jg. 2014)<\/span><\/a><\/p>\n","protected":false},"author":1,"featured_media":0,"parent":1184,"menu_order":0,"comment_status":"closed","ping_status":"closed","template":"","meta":{"footnotes":""},"class_list":["post-1868","page","type-page","status-publish","hentry"],"_links":{"self":[{"href":"https:\/\/www.franzelbernturnier.de\/index.php\/wp-json\/wp\/v2\/pages\/1868","targetHints":{"allow":["GET"]}}],"collection":[{"href":"https:\/\/www.franzelbernturnier.de\/index.php\/wp-json\/wp\/v2\/pages"}],"about":[{"href":"https:\/\/www.franzelbernturnier.de\/index.php\/wp-json\/wp\/v2\/types\/page"}],"author":[{"embeddable":true,"href":"https:\/\/www.franzelbernturnier.de\/index.php\/wp-json\/wp\/v2\/users\/1"}],"replies":[{"embeddable":true,"href":"https:\/\/www.franzelbernturnier.de\/index.php\/wp-json\/wp\/v2\/comments?post=1868"}],"version-history":[{"count":41,"href":"https:\/\/www.franzelbernturnier.de\/index.php\/wp-json\/wp\/v2\/pages\/1868\/revisions"}],"predecessor-version":[{"id":2303,"href":"https:\/\/www.franzelbernturnier.de\/index.php\/wp-json\/wp\/v2\/pages\/1868\/revisions\/2303"}],"up":[{"embeddable":true,"href":"https:\/\/www.franzelbernturnier.de\/index.php\/wp-json\/wp\/v2\/pages\/1184"}],"wp:attachment":[{"href":"https:\/\/www.franzelbernturnier.de\/index.php\/wp-json\/wp\/v2\/media?parent=1868"}],"curies":[{"name":"wp","href":"https:\/\/api.w.org\/{rel}","templated":true}]}}