{"id":256,"date":"2016-06-29T12:00:00","date_gmt":"2016-06-29T10:00:00","guid":{"rendered":"https:\/\/www.franzelbernturnier.de\/?page_id=256"},"modified":"2017-06-19T10:13:08","modified_gmt":"2017-06-19T08:13:08","slug":"f-jugend-2009","status":"publish","type":"page","link":"https:\/\/www.franzelbernturnier.de\/index.php\/archiv\/turnierplaene-ergebnisse-2017\/f-jugend-2009\/","title":{"rendered":"F-Jugend (Jh. 2009)"},"content":{"rendered":"<p>Jahrgang: 2009 (j\u00fcngere F-Jugend)<br \/>\nSpielzeit: 1 x 10 Minuten<br \/>\nPausen: 2 Minuten<br \/>\nPl\u00e4tze: 2 Rasenpl\u00e4tze, 1 Kunstrasenplatz<br \/>\nModus: 7 gegen 7<br \/>\nTurnierbeginn: 09:30 Uhr<br \/>\nTurnierende: ca. 14:00 Uhr<br \/>\nTag des Turniers: Samstag, den 10.06.20017<br \/>\nTurniermodus: Schweizer System<\/p>\n<p>[matches league_id=5 mode=all]<\/p>\n","protected":false},"excerpt":{"rendered":"<p>Jahrgang: 2009 (j\u00fcngere F-Jugend) Spielzeit: 1 x 10 Minuten Pausen: 2 Minuten Pl\u00e4tze: 2 Rasenpl\u00e4tze, 1 Kunstrasenplatz Modus: 7 gegen 7 Turnierbeginn: 09:30 Uhr Turnierende: ca. 14:00 Uhr Tag des Turniers: Samstag, den 10.06.20017 Turniermodus: Schweizer System [matches league_id=5 mode=all]<\/p>\n","protected":false},"author":1,"featured_media":0,"parent":49,"menu_order":0,"comment_status":"closed","ping_status":"closed","template":"","meta":{"footnotes":""},"class_list":["post-256","page","type-page","status-publish","hentry"],"_links":{"self":[{"href":"https:\/\/www.franzelbernturnier.de\/index.php\/wp-json\/wp\/v2\/pages\/256","targetHints":{"allow":["GET"]}}],"collection":[{"href":"https:\/\/www.franzelbernturnier.de\/index.php\/wp-json\/wp\/v2\/pages"}],"about":[{"href":"https:\/\/www.franzelbernturnier.de\/index.php\/wp-json\/wp\/v2\/types\/page"}],"author":[{"embeddable":true,"href":"https:\/\/www.franzelbernturnier.de\/index.php\/wp-json\/wp\/v2\/users\/1"}],"replies":[{"embeddable":true,"href":"https:\/\/www.franzelbernturnier.de\/index.php\/wp-json\/wp\/v2\/comments?post=256"}],"version-history":[{"count":46,"href":"https:\/\/www.franzelbernturnier.de\/index.php\/wp-json\/wp\/v2\/pages\/256\/revisions"}],"predecessor-version":[{"id":974,"href":"https:\/\/www.franzelbernturnier.de\/index.php\/wp-json\/wp\/v2\/pages\/256\/revisions\/974"}],"up":[{"embeddable":true,"href":"https:\/\/www.franzelbernturnier.de\/index.php\/wp-json\/wp\/v2\/pages\/49"}],"wp:attachment":[{"href":"https:\/\/www.franzelbernturnier.de\/index.php\/wp-json\/wp\/v2\/media?parent=256"}],"curies":[{"name":"wp","href":"https:\/\/api.w.org\/{rel}","templated":true}]}}