{"id":41,"date":"2016-06-02T10:45:42","date_gmt":"2016-06-02T08:45:42","guid":{"rendered":"https:\/\/www.franzelbernturnier.de\/?page_id=41"},"modified":"2026-02-18T14:38:48","modified_gmt":"2026-02-18T13:38:48","slug":"anmeldungen","status":"publish","type":"page","link":"https:\/\/www.franzelbernturnier.de\/index.php\/anmeldungen\/","title":{"rendered":"Anmeldungen"},"content":{"rendered":"<p>Sch\u00f6n, dass Du\/Ihr Euch f\u00fcr unser Franz-Elbern-Turnier interessiert. Wenn ihr teilnehmen m\u00f6chtet, f\u00fcllt bitte das Formular vollst\u00e4ndig aus. Ihr erhaltet eine pers\u00f6nliche R\u00fcckmeldung, mit der Best\u00e4tigung der Teilnahme. Auf der rechten Seite seht ihr, wie viele Pl\u00e4tze noch vorhanden sind, wir versuchen die Angaben so schnell wie m\u00f6glich zu aktualisieren.<\/p>\n<p>Pro Jahrgang\/Turnier kann sich nur <strong>eine<\/strong> Mannschaft je Verein anmelden, <strong>Ausnahmen:<\/strong> U6 und U7: <strong>3 Teams<\/strong> je Verein. Bei der U8 <strong>2 Teams<\/strong> je Verein. Bitte bei der Anmeldung angeben. Wenn ihr bei U9 bis U11 mit zwei Teams teilnehmen k\u00f6nnt, gebt es bitte mit an, wir schauen was machbar ist.<\/p>\n<p><strong>U8 bis U17<\/strong>: Nur noch Anmeldungen f\u00fcr die Warteliste.<br \/>\nFreie Pl\u00e4tze: U19, U7 und U6<\/p>\n\n<div class=\"wpcf7 no-js\" id=\"wpcf7-f6-o1\" lang=\"de-DE\" dir=\"ltr\" data-wpcf7-id=\"6\">\n<div class=\"screen-reader-response\"><p role=\"status\" aria-live=\"polite\" aria-atomic=\"true\"><\/p> <ul><\/ul><\/div>\n<form action=\"\/index.php\/wp-json\/wp\/v2\/pages\/41#wpcf7-f6-o1\" method=\"post\" class=\"wpcf7-form init\" aria-label=\"Kontaktformular\" novalidate=\"novalidate\" data-status=\"init\">\n<fieldset class=\"hidden-fields-container\"><input type=\"hidden\" name=\"_wpcf7\" value=\"6\" \/><input type=\"hidden\" name=\"_wpcf7_version\" value=\"6.1.5\" \/><input type=\"hidden\" name=\"_wpcf7_locale\" value=\"de_DE\" \/><input type=\"hidden\" name=\"_wpcf7_unit_tag\" value=\"wpcf7-f6-o1\" \/><input type=\"hidden\" name=\"_wpcf7_container_post\" value=\"0\" \/><input type=\"hidden\" name=\"_wpcf7_posted_data_hash\" value=\"\" \/>\n<\/fieldset>\n<p>Turnierauswahl (Pflichtfeld):\n<\/p>\n<p><span class=\"wpcf7-form-control-wrap\" data-name=\"turnierauswhlen\"><select class=\"wpcf7-form-control wpcf7-select wpcf7-validates-as-required\" aria-required=\"true\" aria-invalid=\"false\" name=\"turnierauswhlen\"><option value=\"06.06.26 - U6\/Bambini (Jg. 2020 - 3gg3)*\">06.06.26 - U6\/Bambini (Jg. 2020 - 3gg3)*<\/option><option value=\"06.06.26 - U7\/Bambini (Jg. 2019 - 3gg3)*\">06.06.26 - U7\/Bambini (Jg. 2019 - 3gg3)*<\/option><option value=\"07.06.26 - U19\/A-Jugend (Jg. 2007\/2008 - 11gg11)\">07.06.26 - U19\/A-Jugend (Jg. 2007\/2008 - 11gg11)<\/option><option value=\"04.06.26 - U13\/D-Jugend (Jg. 2013 - 9gg9)\">04.06.26 - U13\/D-Jugend (Jg. 2013 - 9gg9)<\/option><option value=\"04.06.26 - U17\/B-Jugend (Jg. 2009\/2010 - 11gg11)\">04.06.26 - U17\/B-Jugend (Jg. 2009\/2010 - 11gg11)<\/option><option value=\"06.06.26 - U9\/F-Jugend (Jg. 2017 - 5gg5)*\">06.06.26 - U9\/F-Jugend (Jg. 2017 - 5gg5)*<\/option><option value=\"06.06.26 - U11\/E-Jugend (Jahrgang 2015 - 5gg5)*\">06.06.26 - U11\/E-Jugend (Jahrgang 2015 - 5gg5)*<\/option><option value=\"06.06.26 - U15\/C-Jugend (Jg. 2011\/2012 - 11gg11)\">06.06.26 - U15\/C-Jugend (Jg. 2011\/2012 - 11gg11)<\/option><option value=\"07.06.26 - U12 (Jahrgang 2014 - 9gg9)*\">07.06.26 - U12 (Jahrgang 2014 - 9gg9)*<\/option><option value=\"07.06.26 - U10\/E-Jugend (Jg. 2016 - 5gg5)*\">07.06.26 - U10\/E-Jugend (Jg. 2016 - 5gg5)*<\/option><option value=\"04.06.26 - U8\/F-Jugend (Jg. 2018 - 4gg4)*\">04.06.26 - U8\/F-Jugend (Jg. 2018 - 4gg4)*<\/option><\/select><\/span><br \/>\n*Jahrgangsturniere\n<\/p>\n<p>Verein (Pflichtfeld)<br \/>\n<span class=\"wpcf7-form-control-wrap\" data-name=\"verein\"><input size=\"40\" maxlength=\"400\" class=\"wpcf7-form-control wpcf7-text wpcf7-validates-as-required\" aria-required=\"true\" aria-invalid=\"false\" value=\"\" type=\"text\" name=\"verein\" \/><\/span>\n<\/p>\n<p>Mannschaft (z.B. \"D3\" oder \"U14\/II\") (Pflichtfeld)<br \/>\n<span class=\"wpcf7-form-control-wrap\" data-name=\"mannschaft\"><input size=\"40\" maxlength=\"400\" class=\"wpcf7-form-control wpcf7-text wpcf7-validates-as-required\" aria-required=\"true\" aria-invalid=\"false\" value=\"\" type=\"text\" name=\"mannschaft\" \/><\/span>\n<\/p>\n<p>Ansprechpartner (Pflichtfeld)<br \/>\n<span class=\"wpcf7-form-control-wrap\" data-name=\"your-name\"><input size=\"40\" maxlength=\"400\" class=\"wpcf7-form-control wpcf7-text wpcf7-validates-as-required\" aria-required=\"true\" aria-invalid=\"false\" value=\"\" type=\"text\" name=\"your-name\" \/><\/span>\n<\/p>\n<p>Funktion (Trainer\/Vorstand\/Betreuer)<br \/>\n<span class=\"wpcf7-form-control-wrap\" data-name=\"funktion\"><input size=\"40\" maxlength=\"400\" class=\"wpcf7-form-control wpcf7-text\" aria-invalid=\"false\" value=\"\" type=\"text\" name=\"funktion\" \/><\/span>\n<\/p>\n<p>eMail-Adresse (Pflichtfeld)<br \/>\n<span class=\"wpcf7-form-control-wrap\" data-name=\"your-email\"><input size=\"40\" maxlength=\"400\" class=\"wpcf7-form-control wpcf7-email wpcf7-validates-as-required wpcf7-text wpcf7-validates-as-email\" aria-required=\"true\" aria-invalid=\"false\" value=\"\" type=\"email\" name=\"your-email\" \/><\/span>\n<\/p>\n<p>Ihre Telefonnummer (Pflichtfeld)<br \/>\n<span class=\"wpcf7-form-control-wrap\" data-name=\"telefon\"><input size=\"40\" maxlength=\"12\" minlength=\"3\" class=\"wpcf7-form-control wpcf7-tel wpcf7-validates-as-required wpcf7-text wpcf7-validates-as-tel\" aria-required=\"true\" aria-invalid=\"false\" value=\"\" type=\"tel\" name=\"telefon\" \/><\/span>\n<\/p>\n<p>Nachricht an uns:<br \/>\n<span class=\"wpcf7-form-control-wrap\" data-name=\"your-message\"><textarea cols=\"40\" rows=\"10\" maxlength=\"2000\" class=\"wpcf7-form-control wpcf7-textarea\" aria-invalid=\"false\" name=\"your-message\"><\/textarea><\/span>\n<\/p>\n<p><u>Bedingungen:<\/u> Nichtantritt\/Vorzeitige Abreise\/Kurzfristige Abmeldung 14 Tage vor dem Turnier werden gem\u00e4\u00df der Turnierrichtlinien dem Verband\/Fu\u00dfballkreis gemeldet und mit einem Ordnungsgeld vom Verband geahndet.\n<\/p>\n<p><span class=\"wpcf7-form-control-wrap\" data-name=\"Bedingungenakzeptiert\"><span class=\"wpcf7-form-control wpcf7-checkbox wpcf7-validates-as-required\"><span class=\"wpcf7-list-item first last\"><input type=\"checkbox\" name=\"Bedingungenakzeptiert[]\" value=\"gelesen und akzeptiert\" \/><span class=\"wpcf7-list-item-label\">gelesen und akzeptiert<\/span><\/span><\/span><\/span> (Pflichtfeld)\n<\/p>\n<p><span class=\"wpcf7-form-control-wrap wpgdprc\"><span class=\"wpcf7-form-control wpcf7-wpgdprc wpcf7-validates-as-required\"><span class=\"wpcf7-list-item\"><input type=\"checkbox\" name=\"wpgdprc\" value=\"1\" aria-required=\"true\" aria-invalid=\"false\" \/><span class=\"wpcf7-list-item-label\">Mit der Nutzung dieses Formulars\/Anmeldung erkl\u00e4rst Du Dich\/Ihr Euch mit der Speicherung und Verarbeitung Deiner\/Eurer Daten durch den Turnierveranstalter (JSG Beuel e.V.) einverstanden. Weitere Informationen zum Datenschutz unter: https:\/\/www.jsg-beuel.de\/impressum (Pflichtfeld)<\/span><\/span><\/span>    <\/span><br \/>\nBitte die Zeichen eintragen: <input type=\"hidden\" name=\"_wpcf7_captcha_challenge_captcha-1\" value=\"2186634378\" \/><img loading=\"lazy\" decoding=\"async\" class=\"wpcf7-form-control wpcf7-captchac wpcf7-captcha-captcha-1\" width=\"72\" height=\"24\" alt=\"captcha\" src=\"https:\/\/www.franzelbernturnier.de\/wp-content\/uploads\/wpcf7_captcha\/2186634378.png\" \/> (Pflichtfeld)<br \/>\n<span class=\"wpcf7-form-control-wrap\" data-name=\"captcha-1\"><input size=\"40\" class=\"wpcf7-form-control wpcf7-captchar\" autocomplete=\"off\" aria-invalid=\"false\" value=\"\" type=\"text\" name=\"captcha-1\" \/><\/span>\n<\/p>\n<p><input class=\"wpcf7-form-control wpcf7-submit has-spinner\" type=\"submit\" value=\"Senden\" \/>\n<\/p><div class=\"wpcf7-response-output\" aria-hidden=\"true\"><\/div>\n<\/form>\n<\/div>\n\n<p>Sollte es Probleme bei der Anmeldung geben, sendet uns bitte eine Mail: fet@franzelbernturnier PUNKT de<\/p>\n<p>&nbsp;<\/p>\n","protected":false},"excerpt":{"rendered":"<p>Sch\u00f6n, dass Du\/Ihr Euch f\u00fcr unser Franz-Elbern-Turnier interessiert. Wenn ihr teilnehmen m\u00f6chtet, f\u00fcllt bitte das Formular vollst\u00e4ndig aus. Ihr erhaltet eine pers\u00f6nliche R\u00fcckmeldung, mit der Best\u00e4tigung der Teilnahme. Auf der rechten Seite seht ihr, wie viele Pl\u00e4tze noch vorhanden sind, wir versuchen die Angaben so schnell wie m\u00f6glich zu aktualisieren. Pro Jahrgang\/Turnier kann sich nur&#8230; <a href=\"https:\/\/www.franzelbernturnier.de\/index.php\/anmeldungen\/\" class=\"more-link\">Weiterlesen <span class=\"screen-reader-text\">Anmeldungen<\/span><\/a><\/p>\n","protected":false},"author":1,"featured_media":0,"parent":0,"menu_order":0,"comment_status":"closed","ping_status":"closed","template":"","meta":{"footnotes":""},"class_list":["post-41","page","type-page","status-publish","hentry"],"_links":{"self":[{"href":"https:\/\/www.franzelbernturnier.de\/index.php\/wp-json\/wp\/v2\/pages\/41","targetHints":{"allow":["GET"]}}],"collection":[{"href":"https:\/\/www.franzelbernturnier.de\/index.php\/wp-json\/wp\/v2\/pages"}],"about":[{"href":"https:\/\/www.franzelbernturnier.de\/index.php\/wp-json\/wp\/v2\/types\/page"}],"author":[{"embeddable":true,"href":"https:\/\/www.franzelbernturnier.de\/index.php\/wp-json\/wp\/v2\/users\/1"}],"replies":[{"embeddable":true,"href":"https:\/\/www.franzelbernturnier.de\/index.php\/wp-json\/wp\/v2\/comments?post=41"}],"version-history":[{"count":58,"href":"https:\/\/www.franzelbernturnier.de\/index.php\/wp-json\/wp\/v2\/pages\/41\/revisions"}],"predecessor-version":[{"id":3464,"href":"https:\/\/www.franzelbernturnier.de\/index.php\/wp-json\/wp\/v2\/pages\/41\/revisions\/3464"}],"wp:attachment":[{"href":"https:\/\/www.franzelbernturnier.de\/index.php\/wp-json\/wp\/v2\/media?parent=41"}],"curies":[{"name":"wp","href":"https:\/\/api.w.org\/{rel}","templated":true}]}}