{"id":44,"date":"2016-06-02T10:46:25","date_gmt":"2016-06-02T08:46:25","guid":{"rendered":"https:\/\/www.franzelbernturnier.de\/?page_id=44"},"modified":"2020-06-08T23:58:37","modified_gmt":"2020-06-08T21:58:37","slug":"spielort","status":"publish","type":"page","link":"https:\/\/www.franzelbernturnier.de\/index.php\/spielort\/","title":{"rendered":"Spielort"},"content":{"rendered":"<p style=\"text-align: left;\" align=\"center\">Der Spielort ist das<strong> Franz-Elbern-Stadion<\/strong> in Bonn Beuel. Der Stadion wurde 1936 eingeweiht und sp\u00e4ter nach dem ehemaligen Beueler Nationalspieler, Franz Elbern benannten.<br \/>\nGespielt wird auf einem Naturrasenplatz und auf dem im Dezember 2015 fertiggestellten Kunstrasenplatz. Auf dem Kunstrasenplatz darf nicht mit Stollenschuhen gespielt werden.<\/p>\n<p style=\"text-align: left;\" align=\"center\"><a href=\"https:\/\/www.franzelbernturnier.de\/index.php\/spielort\/anfahrt\/\">Parkpl\u00e4tze &amp; Anfahrt<\/a><\/p>\n<figure id=\"attachment_195\" aria-describedby=\"caption-attachment-195\" style=\"width: 700px\" class=\"wp-caption alignnone\"><img loading=\"lazy\" decoding=\"async\" class=\"wp-image-195\" src=\"https:\/\/www.franzelbernturnier.de\/wp-content\/uploads\/2016\/06\/rasenplatz-300x200.jpg\" alt=\"Rasenplatz Franz-Elbern-Stadion\" width=\"700\" height=\"466\" srcset=\"https:\/\/www.franzelbernturnier.de\/wp-content\/uploads\/2016\/06\/rasenplatz-300x200.jpg 300w, https:\/\/www.franzelbernturnier.de\/wp-content\/uploads\/2016\/06\/rasenplatz-768x512.jpg 768w, https:\/\/www.franzelbernturnier.de\/wp-content\/uploads\/2016\/06\/rasenplatz-144x96.jpg 144w, https:\/\/www.franzelbernturnier.de\/wp-content\/uploads\/2016\/06\/rasenplatz.jpg 800w\" sizes=\"auto, (max-width: 700px) 100vw, 700px\" \/><figcaption id=\"caption-attachment-195\" class=\"wp-caption-text\">Rasenplatz Franz-Elbern-Stadion<\/figcaption><\/figure>\n<figure id=\"attachment_196\" aria-describedby=\"caption-attachment-196\" style=\"width: 700px\" class=\"wp-caption alignnone\"><img loading=\"lazy\" decoding=\"async\" class=\"wp-image-196\" src=\"https:\/\/www.franzelbernturnier.de\/wp-content\/uploads\/2016\/06\/kunstrasenplatz-300x225.jpg\" alt=\"kunstrasenplatz\" width=\"700\" height=\"525\" srcset=\"https:\/\/www.franzelbernturnier.de\/wp-content\/uploads\/2016\/06\/kunstrasenplatz-300x225.jpg 300w, https:\/\/www.franzelbernturnier.de\/wp-content\/uploads\/2016\/06\/kunstrasenplatz-768x576.jpg 768w, https:\/\/www.franzelbernturnier.de\/wp-content\/uploads\/2016\/06\/kunstrasenplatz.jpg 1024w, https:\/\/www.franzelbernturnier.de\/wp-content\/uploads\/2016\/06\/kunstrasenplatz-144x108.jpg 144w\" sizes=\"auto, (max-width: 700px) 100vw, 700px\" \/><figcaption id=\"caption-attachment-196\" class=\"wp-caption-text\">Kunstrasenplatz am Franz-Elbern-Stadion<\/figcaption><\/figure>\n<p>&nbsp;<\/p>\n<p>F\u00fcr Leichtathletik bietet das Stadion zwei Weitsprunggruben und um den Rasenplatz befinden sich Aschenlaufbahnen. Auf einer der beiden Geraden k\u00f6nnen sich Zuschauer auf befestigten Stufen aufhalten. Es gibt 4 Umkleidekabinen f\u00fcr Mannschaften und eine Schiedsrichterkabine. Der Kunstrasenplatz ist ca. 90m x 60m und verf\u00fcgt \u00fcber eine Flutlichtanlage mit 4 Masten mit je 2 Strahlern.<\/p>\n<p>Beide Fu\u00dfballpl\u00e4tze werden durch die <a href=\"http:\/\/www.jsg-beuel.de\/\">JSG Beuel<\/a>, den <a href=\"http:\/\/svbeuel06.de\/\">SV Beuel<\/a> und durch umliegende Schulen genutzt. Auch die Frisbee Spieler des <a href=\"http:\/\/www.bonnsai.org\" target=\"_blank\" rel=\"noopener noreferrer\">Bonnsai-Frisbeesport Bonn e. V.<\/a> sind einmal in der Woche auf der Anlage. Im Sommer sieht man hin und wieder auch private Sportler die ihre Runden im Stadion drehen. Die Spieler des <a href=\"http:\/\/www.bcbeuel.de\/\">1. BC Beuel<\/a> wurden auch schon beim Ausdauertraining gesichtet.<\/p>\n<p>Der SV Beuel (Beueler FV 06) stieg 1936 in die h\u00f6chste Liga in Deutschland auf, die Gauliga. Damals fasste das Stadion 10.000 Zuschauer und Mannschaften wie der FC Schalke 04, Alemannia Aachen, Bayer 04 Leverkusen und der 1. FC K\u00f6ln waren zu Gast. Die gro\u00dfe Tafel mit den verschiedenen Vereinswappen am Clubhaus zeugen von einer glorreichen Vergangenheit des Beueler Fu\u00dfball.<\/p>\n<p>Das Fassungsverm\u00f6gen d\u00fcrfte heute bei ca. 3.500 Zuschauern liegen, mit gutem Willen passen vielleicht sogar noch 5.000 Zuschauer rein.<\/p>\n<p>Am 24.04.2002 beschloss die Bezirksvertretung Beuel <a href=\"https:\/\/www2.bonn.de\/bo_ris\/ris_sql\/agm_index.asp?e_register=0&amp;e_content=6102&amp;e_klappmenue=&amp;e_standort=0&amp;e_search_1=27354\" target=\"_blank\" rel=\"noopener noreferrer\">einstimmig<\/a> die Umbenennung in <em><strong>Franz-Elbern-Stadion<\/strong><\/em>.<\/p>\n","protected":false},"excerpt":{"rendered":"<p>Der Spielort ist das Franz-Elbern-Stadion in Bonn Beuel. Der Stadion wurde 1936 eingeweiht und sp\u00e4ter nach dem ehemaligen Beueler Nationalspieler, Franz Elbern benannten. Gespielt wird auf einem Naturrasenplatz und auf dem im Dezember 2015 fertiggestellten Kunstrasenplatz. Auf dem Kunstrasenplatz darf nicht mit Stollenschuhen gespielt werden. Parkpl\u00e4tze &amp; Anfahrt &nbsp; F\u00fcr Leichtathletik bietet das Stadion zwei&#8230; <a href=\"https:\/\/www.franzelbernturnier.de\/index.php\/spielort\/\" class=\"more-link\">Weiterlesen <span class=\"screen-reader-text\">Spielort<\/span><\/a><\/p>\n","protected":false},"author":1,"featured_media":0,"parent":0,"menu_order":0,"comment_status":"closed","ping_status":"closed","template":"","meta":{"footnotes":""},"class_list":["post-44","page","type-page","status-publish","hentry"],"_links":{"self":[{"href":"https:\/\/www.franzelbernturnier.de\/index.php\/wp-json\/wp\/v2\/pages\/44","targetHints":{"allow":["GET"]}}],"collection":[{"href":"https:\/\/www.franzelbernturnier.de\/index.php\/wp-json\/wp\/v2\/pages"}],"about":[{"href":"https:\/\/www.franzelbernturnier.de\/index.php\/wp-json\/wp\/v2\/types\/page"}],"author":[{"embeddable":true,"href":"https:\/\/www.franzelbernturnier.de\/index.php\/wp-json\/wp\/v2\/users\/1"}],"replies":[{"embeddable":true,"href":"https:\/\/www.franzelbernturnier.de\/index.php\/wp-json\/wp\/v2\/comments?post=44"}],"version-history":[{"count":12,"href":"https:\/\/www.franzelbernturnier.de\/index.php\/wp-json\/wp\/v2\/pages\/44\/revisions"}],"predecessor-version":[{"id":1799,"href":"https:\/\/www.franzelbernturnier.de\/index.php\/wp-json\/wp\/v2\/pages\/44\/revisions\/1799"}],"wp:attachment":[{"href":"https:\/\/www.franzelbernturnier.de\/index.php\/wp-json\/wp\/v2\/media?parent=44"}],"curies":[{"name":"wp","href":"https:\/\/api.w.org\/{rel}","templated":true}]}}