{"id":61,"date":"2016-06-02T10:50:38","date_gmt":"2016-06-02T08:50:38","guid":{"rendered":"https:\/\/www.franzelbernturnier.de\/?page_id=61"},"modified":"2017-02-17T12:43:01","modified_gmt":"2017-02-17T11:43:01","slug":"kontakt","status":"publish","type":"page","link":"https:\/\/www.franzelbernturnier.de\/index.php\/kontakt\/","title":{"rendered":"Kontakt"},"content":{"rendered":"<p>Ihr habt Fragen, Anregungen, Kritik oder ihr m\u00f6chtet Sponsor werden, dann schreibt uns.<br \/>\n<a href=\"https:\/\/www.franzelbernturnier.de\/index.php\/anmeldungen\/\">Anmeldungen <\/a>nehmen wir nur \u00fcber das <a href=\"https:\/\/www.franzelbernturnier.de\/index.php\/anmeldungen\/\">Anmeldeformular <\/a>entgegen.<\/p>\n\n<div class=\"wpcf7 no-js\" id=\"wpcf7-f165-o1\" lang=\"de-DE\" dir=\"ltr\" data-wpcf7-id=\"165\">\n<div class=\"screen-reader-response\"><p role=\"status\" aria-live=\"polite\" aria-atomic=\"true\"><\/p> <ul><\/ul><\/div>\n<form action=\"\/index.php\/wp-json\/wp\/v2\/pages\/61#wpcf7-f165-o1\" method=\"post\" class=\"wpcf7-form init\" aria-label=\"Kontaktformular\" novalidate=\"novalidate\" data-status=\"init\">\n<fieldset class=\"hidden-fields-container\"><input type=\"hidden\" name=\"_wpcf7\" value=\"165\" \/><input type=\"hidden\" name=\"_wpcf7_version\" value=\"6.1.5\" \/><input type=\"hidden\" name=\"_wpcf7_locale\" value=\"de_DE\" \/><input type=\"hidden\" name=\"_wpcf7_unit_tag\" value=\"wpcf7-f165-o1\" \/><input type=\"hidden\" name=\"_wpcf7_container_post\" value=\"0\" \/><input type=\"hidden\" name=\"_wpcf7_posted_data_hash\" value=\"\" \/>\n<\/fieldset>\n<p>Ihr Name (Pflichtfeld)\n<\/p>\n<p><span class=\"wpcf7-form-control-wrap\" data-name=\"your-name\"><input size=\"40\" maxlength=\"400\" class=\"wpcf7-form-control wpcf7-text wpcf7-validates-as-required\" aria-required=\"true\" aria-invalid=\"false\" value=\"\" type=\"text\" name=\"your-name\" \/><\/span>\n<\/p>\n<p>Ihre E-Mail-Adresse (Pflichtfeld)\n<\/p>\n<p><span class=\"wpcf7-form-control-wrap\" data-name=\"your-email\"><input size=\"40\" maxlength=\"400\" class=\"wpcf7-form-control wpcf7-email wpcf7-validates-as-required wpcf7-text wpcf7-validates-as-email\" aria-required=\"true\" aria-invalid=\"false\" value=\"\" type=\"email\" name=\"your-email\" \/><\/span>\n<\/p>\n<p>Betreff\n<\/p>\n<p><span class=\"wpcf7-form-control-wrap\" data-name=\"your-subject\"><input size=\"40\" maxlength=\"400\" class=\"wpcf7-form-control wpcf7-text\" aria-invalid=\"false\" value=\"\" type=\"text\" name=\"your-subject\" \/><\/span>\n<\/p>\n<p>Ihre Nachricht\n<\/p>\n<p><span class=\"wpcf7-form-control-wrap\" data-name=\"your-message\"><textarea cols=\"40\" rows=\"10\" maxlength=\"2000\" class=\"wpcf7-form-control wpcf7-textarea\" aria-invalid=\"false\" name=\"your-message\"><\/textarea><\/span>\n<\/p>\n<p><span class=\"wpcf7-form-control-wrap wpgdprc\"><span class=\"wpcf7-form-control wpcf7-wpgdprc wpcf7-validates-as-required\"><span class=\"wpcf7-list-item\"><input type=\"checkbox\" name=\"wpgdprc\" value=\"1\" aria-required=\"true\" aria-invalid=\"false\" \/><span class=\"wpcf7-list-item-label\">Mit der Nutzung dieses Formulars erkl\u00e4rst du dich mit der Speicherung und Verarbeitung deiner Daten durch diese Website einverstanden. Der Speicherung kannst Du jederzeit widersprechen.<\/span><\/span><\/span>    <\/span>\n<\/p>\n<p><input class=\"wpcf7-form-control wpcf7-submit has-spinner\" type=\"submit\" value=\"Senden\" \/>\n<\/p><div class=\"wpcf7-response-output\" aria-hidden=\"true\"><\/div>\n<\/form>\n<\/div>\n\n<p>Sollte das Kontaktformular nicht funktionieren, erreicht ihr uns \u00fcber diese Adresse: fet {a} franz-elbern-turnier {punkt} de.<\/p>\n","protected":false},"excerpt":{"rendered":"<p>Ihr habt Fragen, Anregungen, Kritik oder ihr m\u00f6chtet Sponsor werden, dann schreibt uns. Anmeldungen nehmen wir nur \u00fcber das Anmeldeformular entgegen. Sollte das Kontaktformular nicht funktionieren, erreicht ihr uns \u00fcber diese Adresse: fet {a} franz-elbern-turnier {punkt} de.<\/p>\n","protected":false},"author":1,"featured_media":0,"parent":0,"menu_order":0,"comment_status":"closed","ping_status":"closed","template":"","meta":{"footnotes":""},"class_list":["post-61","page","type-page","status-publish","hentry"],"_links":{"self":[{"href":"https:\/\/www.franzelbernturnier.de\/index.php\/wp-json\/wp\/v2\/pages\/61","targetHints":{"allow":["GET"]}}],"collection":[{"href":"https:\/\/www.franzelbernturnier.de\/index.php\/wp-json\/wp\/v2\/pages"}],"about":[{"href":"https:\/\/www.franzelbernturnier.de\/index.php\/wp-json\/wp\/v2\/types\/page"}],"author":[{"embeddable":true,"href":"https:\/\/www.franzelbernturnier.de\/index.php\/wp-json\/wp\/v2\/users\/1"}],"replies":[{"embeddable":true,"href":"https:\/\/www.franzelbernturnier.de\/index.php\/wp-json\/wp\/v2\/comments?post=61"}],"version-history":[{"count":7,"href":"https:\/\/www.franzelbernturnier.de\/index.php\/wp-json\/wp\/v2\/pages\/61\/revisions"}],"predecessor-version":[{"id":551,"href":"https:\/\/www.franzelbernturnier.de\/index.php\/wp-json\/wp\/v2\/pages\/61\/revisions\/551"}],"wp:attachment":[{"href":"https:\/\/www.franzelbernturnier.de\/index.php\/wp-json\/wp\/v2\/media?parent=61"}],"curies":[{"name":"wp","href":"https:\/\/api.w.org\/{rel}","templated":true}]}}