{"id":625,"date":"2017-05-02T16:08:08","date_gmt":"2017-05-02T14:08:08","guid":{"rendered":"https:\/\/www.franzelbernturnier.de\/?page_id=625"},"modified":"2025-05-05T14:15:41","modified_gmt":"2025-05-05T12:15:41","slug":"getraenkeverkauf","status":"publish","type":"page","link":"https:\/\/www.franzelbernturnier.de\/index.php\/helfer\/getraenkeverkauf\/","title":{"rendered":"Getr\u00e4nkestand"},"content":{"rendered":"<div id='event_wrapper'><div id='event_search_code' style='display:none;' data='category_identifier=getranke&sort=ASC&order_by=event_name&event_category_id=&staff_id=&allow_override=0&show_expired=false&show_secondary=false&show_deleted=false&show_recurrence=true&limit=0&css_class=NULL&events_per_page=50&num_page_links_to_display=10&exclude_closed_events=false'><\/div><div id='event_container_pagination' ><div id='event_content' class='event_content'><p id=\"events_category_name-237\" class=\"events_category_name\">Im Clubheim<\/p><p>Wir suchen f\u00fcr unseren Getr\u00e4nkestand bis zu 3 Helfer pro Schicht. Am Getr\u00e4nkestand geht es, wie der Name schon sagt um den Verkauf von Getr\u00e4nken.<\/p>\n<p>Bitte melde Dich 10 Minuten vor Schichtbeginn an Deiner Station. Bei R\u00fcckfragen schreibe bitte eine eMail an helfer(at)franz-elbern-turnier.de.<\/p>\n<p>\u00dcbersicht der Turniertage:<\/p>\n<ul>\n<li>19. Juni 2025: U9, U13 und U17<\/li>\n<li>21. Juni 2025: U8, U12 und U15<\/li>\n<li>22. Juni 2025: U6, U7, U10<\/li>\n<\/ul>\n<p><a href=\"https:\/\/www.franzelbernturnier.de\/index.php\/helfer\/\">Zur\u00fcck zur \u00dcbersicht<\/a><\/p>\n<div id=\"event_data-237\" class=\"event_data NULL getranke event-data-display event-list-display event-display-boxes ui-widget\">\r\n\t<h3 id=\"event_title-237\" class=\"event_title ui-widget-header ui-corner-top\"><a title=\"Getr\u00e4nkestand am 21.06.25 - ab 08:45 Uhr\" class=\"a_event_title\" id=\"a_event_title-237\" href=\"https:\/\/www.franzelbernturnier.de\/index.php\/event-registration\/?ee=237\">Getr\u00e4nkestand am 21.06.25 - ab 08:45 Uhr<\/a>\r\n\t\t\t\t\t\t\t\t\t\t\t\t\t\t\t\t\t\t\t<\/h3>\r\n<div class=\"event-data-display ui-widget-content ui-corner-bottom\">\r\n\t\t\t\t\t\t\t\t\t\t<div class=\"event-meta clearfix\">\r\n\t\t\t\t<p id=\"event_date-237\"><span class=\"section-title\">Datum:<\/span>  21. Juni 2025 \r\n\t\t\t<a  href=\"https:\/\/www.franzelbernturnier.de?iCal=true&amp;current_year=2026&amp;current_month=04&amp;current_day=19&amp;current_time=054052&amp;event_id=237&amp;ee_reg_id=452fa4e1c11920f31c5fff09beeebb36-69e44ec452dd93.28023128&amp;contact_email=helfer@franz-elbern-turnier.de&amp;start_year=1970&amp;start_month=01&amp;start_day=01&amp;start_time=010000&amp;end_year=1970&amp;end_month=01&amp;end_day=01&amp;end_time=010000&amp;event_summary=Getr\u00e4nkestand am 21.06.25 - ab 08:45 Uhr&amp;ee_reg_url=https:\/\/www.franzelbernturnier.de\/index.php\/event-registration\/?ee=237&amp;site_url=https:\/\/www.franzelbernturnier.de&amp;organization=Franz-Elbern-Turnier&amp;location\" id=\"espresso_ical_237\" class=\"espresso_ical_link\" title=\"iCal Import\"><img decoding=\"async\" src=\"https:\/\/www.franzelbernturnier.de\/wp-content\/plugins\/event-espresso-free\/images\/icons\/calendar_link.png\"><\/a>\t\t<\/p>\r\n\t<\/div>\r\n\r\n\t\t\t<p id=\"available_spaces-237\" class=\"available-spaces\"><span class=\"section-title\">Verf\u00fcgbare Pl\u00e4tze: <\/span>0<\/p>\r\n\t\t\t\r\n<\/div><!-- \/ .event-data-display -->\r\n<\/div><!-- \/ .event-display-boxes -->\r\n<div id=\"event_data-238\" class=\"event_data NULL getranke event-data-display event-list-display event-display-boxes ui-widget\">\r\n\t<h3 id=\"event_title-238\" class=\"event_title ui-widget-header ui-corner-top\"><a title=\"Getr\u00e4nkestand am 21.06.25 - ab 11:00 Uhr\" class=\"a_event_title\" id=\"a_event_title-238\" href=\"https:\/\/www.franzelbernturnier.de\/index.php\/event-registration\/?ee=238\">Getr\u00e4nkestand am 21.06.25 - ab 11:00 Uhr<\/a>\r\n\t\t\t\t\t\t\t\t\t\t\t\t\t\t\t\t\t\t\t<\/h3>\r\n<div class=\"event-data-display ui-widget-content ui-corner-bottom\">\r\n\t\t\t\t\t\t\t\t\t\t<div class=\"event-meta clearfix\">\r\n\t\t\t\t<p id=\"event_date-238\"><span class=\"section-title\">Datum:<\/span>  21. Juni 2025 \r\n\t\t\t<a  href=\"https:\/\/www.franzelbernturnier.de?iCal=true&amp;current_year=2026&amp;current_month=04&amp;current_day=19&amp;current_time=054052&amp;event_id=238&amp;ee_reg_id=452fa4e1c11920f31c5fff09beeebb36-69e44ec452dd93.28023128&amp;contact_email=helfer@franz-elbern-turnier.de&amp;start_year=1970&amp;start_month=01&amp;start_day=01&amp;start_time=010000&amp;end_year=1970&amp;end_month=01&amp;end_day=01&amp;end_time=010000&amp;event_summary=Getr\u00e4nkestand am 21.06.25 - ab 11:00 Uhr&amp;ee_reg_url=https:\/\/www.franzelbernturnier.de\/index.php\/event-registration\/?ee=238&amp;site_url=https:\/\/www.franzelbernturnier.de&amp;organization=Franz-Elbern-Turnier&amp;location\" id=\"espresso_ical_238\" class=\"espresso_ical_link\" title=\"iCal Import\"><img decoding=\"async\" src=\"https:\/\/www.franzelbernturnier.de\/wp-content\/plugins\/event-espresso-free\/images\/icons\/calendar_link.png\"><\/a>\t\t<\/p>\r\n\t<\/div>\r\n\r\n\t\t\t<p id=\"available_spaces-238\" class=\"available-spaces\"><span class=\"section-title\">Verf\u00fcgbare Pl\u00e4tze: <\/span>0<\/p>\r\n\t\t\t\r\n<\/div><!-- \/ .event-data-display -->\r\n<\/div><!-- \/ .event-display-boxes -->\r\n<div id=\"event_data-239\" class=\"event_data NULL getranke event-data-display event-list-display event-display-boxes ui-widget\">\r\n\t<h3 id=\"event_title-239\" class=\"event_title ui-widget-header ui-corner-top\"><a title=\"Getr\u00e4nkestand am 21.06.25 - ab 14:00 Uhr\" class=\"a_event_title\" id=\"a_event_title-239\" href=\"https:\/\/www.franzelbernturnier.de\/index.php\/event-registration\/?ee=239\">Getr\u00e4nkestand am 21.06.25 - ab 14:00 Uhr<\/a>\r\n\t\t\t\t\t\t\t\t\t\t\t\t\t\t\t\t\t\t\t<\/h3>\r\n<div class=\"event-data-display ui-widget-content ui-corner-bottom\">\r\n\t\t\t\t\t\t\t\t\t\t<div class=\"event-meta clearfix\">\r\n\t\t\t\t<p id=\"event_date-239\"><span class=\"section-title\">Datum:<\/span>  21. Juni 2025 \r\n\t\t\t<a  href=\"https:\/\/www.franzelbernturnier.de?iCal=true&amp;current_year=2026&amp;current_month=04&amp;current_day=19&amp;current_time=054052&amp;event_id=239&amp;ee_reg_id=452fa4e1c11920f31c5fff09beeebb36-69e44ec452dd93.28023128&amp;contact_email=helfer@franz-elbern-turnier.de&amp;start_year=1970&amp;start_month=01&amp;start_day=01&amp;start_time=010000&amp;end_year=1970&amp;end_month=01&amp;end_day=01&amp;end_time=010000&amp;event_summary=Getr\u00e4nkestand am 21.06.25 - ab 14:00 Uhr&amp;ee_reg_url=https:\/\/www.franzelbernturnier.de\/index.php\/event-registration\/?ee=239&amp;site_url=https:\/\/www.franzelbernturnier.de&amp;organization=Franz-Elbern-Turnier&amp;location\" id=\"espresso_ical_239\" class=\"espresso_ical_link\" title=\"iCal Import\"><img decoding=\"async\" src=\"https:\/\/www.franzelbernturnier.de\/wp-content\/plugins\/event-espresso-free\/images\/icons\/calendar_link.png\"><\/a>\t\t<\/p>\r\n\t<\/div>\r\n\r\n\t\t\t<p id=\"available_spaces-239\" class=\"available-spaces\"><span class=\"section-title\">Verf\u00fcgbare Pl\u00e4tze: <\/span>0<\/p>\r\n\t\t\t\r\n<\/div><!-- \/ .event-data-display -->\r\n<\/div><!-- \/ .event-display-boxes -->\r\n<div id=\"event_data-240\" class=\"event_data NULL getranke event-data-display event-list-display event-display-boxes ui-widget\">\r\n\t<h3 id=\"event_title-240\" class=\"event_title ui-widget-header ui-corner-top\"><a title=\"Getr\u00e4nkestand am 21.06.25 - ab 17:00 Uhr\" class=\"a_event_title\" id=\"a_event_title-240\" href=\"https:\/\/www.franzelbernturnier.de\/index.php\/event-registration\/?ee=240\">Getr\u00e4nkestand am 21.06.25 - ab 17:00 Uhr<\/a>\r\n\t\t\t\t\t\t\t\t\t\t\t\t\t\t\t\t\t\t\t<\/h3>\r\n<div class=\"event-data-display ui-widget-content ui-corner-bottom\">\r\n\t\t\t\t\t\t\t\t\t\t<div class=\"event-meta clearfix\">\r\n\t\t\t\t<p id=\"event_date-240\"><span class=\"section-title\">Datum:<\/span>  21. Juni 2025 \r\n\t\t\t<a  href=\"https:\/\/www.franzelbernturnier.de?iCal=true&amp;current_year=2026&amp;current_month=04&amp;current_day=19&amp;current_time=054052&amp;event_id=240&amp;ee_reg_id=452fa4e1c11920f31c5fff09beeebb36-69e44ec452dd93.28023128&amp;contact_email=helfer@franz-elbern-turnier.de&amp;start_year=1970&amp;start_month=01&amp;start_day=01&amp;start_time=010000&amp;end_year=1970&amp;end_month=01&amp;end_day=01&amp;end_time=010000&amp;event_summary=Getr\u00e4nkestand am 21.06.25 - ab 17:00 Uhr&amp;ee_reg_url=https:\/\/www.franzelbernturnier.de\/index.php\/event-registration\/?ee=240&amp;site_url=https:\/\/www.franzelbernturnier.de&amp;organization=Franz-Elbern-Turnier&amp;location\" id=\"espresso_ical_240\" class=\"espresso_ical_link\" title=\"iCal Import\"><img decoding=\"async\" src=\"https:\/\/www.franzelbernturnier.de\/wp-content\/plugins\/event-espresso-free\/images\/icons\/calendar_link.png\"><\/a>\t\t<\/p>\r\n\t<\/div>\r\n\r\n\t\t\t<p id=\"available_spaces-240\" class=\"available-spaces\"><span class=\"section-title\">Verf\u00fcgbare Pl\u00e4tze: <\/span>0<\/p>\r\n\t\t\t\r\n<\/div><!-- \/ .event-data-display -->\r\n<\/div><!-- \/ .event-display-boxes -->\r\n<div id=\"event_data-241\" class=\"event_data NULL getranke event-data-display event-list-display event-display-boxes ui-widget\">\r\n\t<h3 id=\"event_title-241\" class=\"event_title ui-widget-header ui-corner-top\"><a title=\"Getr\u00e4nkestand am 21.06.25 - ab 19:00 Uhr\" class=\"a_event_title\" id=\"a_event_title-241\" href=\"https:\/\/www.franzelbernturnier.de\/index.php\/event-registration\/?ee=241\">Getr\u00e4nkestand am 21.06.25 - ab 19:00 Uhr<\/a>\r\n\t\t\t\t\t\t\t\t\t\t\t\t\t\t\t\t\t\t\t<\/h3>\r\n<div class=\"event-data-display ui-widget-content ui-corner-bottom\">\r\n\t\t\t\t\t\t\t\t\t\t<div class=\"event-meta clearfix\">\r\n\t\t\t\t<p id=\"event_date-241\"><span class=\"section-title\">Datum:<\/span>  21. Juni 2025 \r\n\t\t\t<a  href=\"https:\/\/www.franzelbernturnier.de?iCal=true&amp;current_year=2026&amp;current_month=04&amp;current_day=19&amp;current_time=054052&amp;event_id=241&amp;ee_reg_id=452fa4e1c11920f31c5fff09beeebb36-69e44ec452dd93.28023128&amp;contact_email=helfer@franz-elbern-turnier.de&amp;start_year=1970&amp;start_month=01&amp;start_day=01&amp;start_time=010000&amp;end_year=1970&amp;end_month=01&amp;end_day=01&amp;end_time=010000&amp;event_summary=Getr\u00e4nkestand am 21.06.25 - ab 19:00 Uhr&amp;ee_reg_url=https:\/\/www.franzelbernturnier.de\/index.php\/event-registration\/?ee=241&amp;site_url=https:\/\/www.franzelbernturnier.de&amp;organization=Franz-Elbern-Turnier&amp;location\" id=\"espresso_ical_241\" class=\"espresso_ical_link\" title=\"iCal Import\"><img decoding=\"async\" src=\"https:\/\/www.franzelbernturnier.de\/wp-content\/plugins\/event-espresso-free\/images\/icons\/calendar_link.png\"><\/a>\t\t<\/p>\r\n\t<\/div>\r\n\r\n\t\t\t<p id=\"available_spaces-241\" class=\"available-spaces\"><span class=\"section-title\">Verf\u00fcgbare Pl\u00e4tze: <\/span>0<\/p>\r\n\t\t\t\r\n<\/div><!-- \/ .event-data-display -->\r\n<\/div><!-- \/ .event-display-boxes -->\r\n<div id=\"event_data-249\" class=\"event_data NULL getranke event-data-display event-list-display event-display-boxes ui-widget\">\r\n\t<h3 id=\"event_title-249\" class=\"event_title ui-widget-header ui-corner-top\"><a title=\"Getr\u00e4nkestand am 22.06.25 - ab 09:00 Uhr\" class=\"a_event_title\" id=\"a_event_title-249\" href=\"https:\/\/www.franzelbernturnier.de\/index.php\/event-registration\/?ee=249\">Getr\u00e4nkestand am 22.06.25 - ab 09:00 Uhr<\/a>\r\n\t\t\t\t\t\t\t\t\t\t\t\t\t\t\t\t\t\t\t<\/h3>\r\n<div class=\"event-data-display ui-widget-content ui-corner-bottom\">\r\n\t\t\t\t\t\t\t\t\t\t<div class=\"event-meta clearfix\">\r\n\t\t\t\t<p id=\"event_date-249\"><span class=\"section-title\">Datum:<\/span>  22. Juni 2025 \r\n\t\t\t<a  href=\"https:\/\/www.franzelbernturnier.de?iCal=true&amp;current_year=2026&amp;current_month=04&amp;current_day=19&amp;current_time=054052&amp;event_id=249&amp;ee_reg_id=452fa4e1c11920f31c5fff09beeebb36-69e44ec452dd93.28023128&amp;contact_email=helfer@franz-elbern-turnier.de&amp;start_year=1970&amp;start_month=01&amp;start_day=01&amp;start_time=010000&amp;end_year=1970&amp;end_month=01&amp;end_day=01&amp;end_time=010000&amp;event_summary=Getr\u00e4nkestand am 22.06.25 - ab 09:00 Uhr&amp;ee_reg_url=https:\/\/www.franzelbernturnier.de\/index.php\/event-registration\/?ee=249&amp;site_url=https:\/\/www.franzelbernturnier.de&amp;organization=Franz-Elbern-Turnier&amp;location\" id=\"espresso_ical_249\" class=\"espresso_ical_link\" title=\"iCal Import\"><img decoding=\"async\" src=\"https:\/\/www.franzelbernturnier.de\/wp-content\/plugins\/event-espresso-free\/images\/icons\/calendar_link.png\"><\/a>\t\t<\/p>\r\n\t<\/div>\r\n\r\n\t <p id=\"available_spaces-249\" class=\"spaces-available\"><span class=\"section-title\">Verf\u00fcgbare Pl\u00e4tze:<\/span> 1<\/p>\r\n\t\t\t\t\t\t\t<p id=\"register_link-249\" class=\"register-link-footer\">\r\n\t\t\t\t\t<a class=\"a_register_link ui-button ui-button-big ui-priority-primary ui-state-default ui-state-hover ui-state-focus ui-corner-all\" id=\"a_register_link-249\" href=\"https:\/\/www.franzelbernturnier.de\/index.php\/event-registration\/?ee=249\" title=\"Getr\u00e4nkestand am 22.06.25 - ab 09:00 Uhr\">Buchen<\/a>\r\n\t\t\t\t\t\t\t\t\t<\/p>\r\n\t\t\r\n<\/div><!-- \/ .event-data-display -->\r\n<\/div><!-- \/ .event-display-boxes -->\r\n<div id=\"event_data-250\" class=\"event_data NULL getranke event-data-display event-list-display event-display-boxes ui-widget\">\r\n\t<h3 id=\"event_title-250\" class=\"event_title ui-widget-header ui-corner-top\"><a title=\"Getr\u00e4nkestand am 22.06.25 - ab 11:45 Uhr\" class=\"a_event_title\" id=\"a_event_title-250\" href=\"https:\/\/www.franzelbernturnier.de\/index.php\/event-registration\/?ee=250\">Getr\u00e4nkestand am 22.06.25 - ab 11:45 Uhr<\/a>\r\n\t\t\t\t\t\t\t\t\t\t\t\t\t\t\t\t\t\t\t<\/h3>\r\n<div class=\"event-data-display ui-widget-content ui-corner-bottom\">\r\n\t\t\t\t\t\t\t\t\t\t<div class=\"event-meta clearfix\">\r\n\t\t\t\t<p id=\"event_date-250\"><span class=\"section-title\">Datum:<\/span>  22. Juni 2025 \r\n\t\t\t<a  href=\"https:\/\/www.franzelbernturnier.de?iCal=true&amp;current_year=2026&amp;current_month=04&amp;current_day=19&amp;current_time=054052&amp;event_id=250&amp;ee_reg_id=452fa4e1c11920f31c5fff09beeebb36-69e44ec452dd93.28023128&amp;contact_email=helfer@franz-elbern-turnier.de&amp;start_year=1970&amp;start_month=01&amp;start_day=01&amp;start_time=010000&amp;end_year=1970&amp;end_month=01&amp;end_day=01&amp;end_time=010000&amp;event_summary=Getr\u00e4nkestand am 22.06.25 - ab 11:45 Uhr&amp;ee_reg_url=https:\/\/www.franzelbernturnier.de\/index.php\/event-registration\/?ee=250&amp;site_url=https:\/\/www.franzelbernturnier.de&amp;organization=Franz-Elbern-Turnier&amp;location\" id=\"espresso_ical_250\" class=\"espresso_ical_link\" title=\"iCal Import\"><img decoding=\"async\" src=\"https:\/\/www.franzelbernturnier.de\/wp-content\/plugins\/event-espresso-free\/images\/icons\/calendar_link.png\"><\/a>\t\t<\/p>\r\n\t<\/div>\r\n\r\n\t\t\t<p id=\"available_spaces-250\" class=\"available-spaces\"><span class=\"section-title\">Verf\u00fcgbare Pl\u00e4tze: <\/span>0<\/p>\r\n\t\t\t\r\n<\/div><!-- \/ .event-data-display -->\r\n<\/div><!-- \/ .event-display-boxes -->\r\n<\/div><\/div><\/div>\n","protected":false},"excerpt":{"rendered":"","protected":false},"author":1,"featured_media":0,"parent":598,"menu_order":0,"comment_status":"closed","ping_status":"closed","template":"template\/full-width.php","meta":{"footnotes":""},"class_list":["post-625","page","type-page","status-publish","hentry"],"_links":{"self":[{"href":"https:\/\/www.franzelbernturnier.de\/index.php\/wp-json\/wp\/v2\/pages\/625","targetHints":{"allow":["GET"]}}],"collection":[{"href":"https:\/\/www.franzelbernturnier.de\/index.php\/wp-json\/wp\/v2\/pages"}],"about":[{"href":"https:\/\/www.franzelbernturnier.de\/index.php\/wp-json\/wp\/v2\/types\/page"}],"author":[{"embeddable":true,"href":"https:\/\/www.franzelbernturnier.de\/index.php\/wp-json\/wp\/v2\/users\/1"}],"replies":[{"embeddable":true,"href":"https:\/\/www.franzelbernturnier.de\/index.php\/wp-json\/wp\/v2\/comments?post=625"}],"version-history":[{"count":8,"href":"https:\/\/www.franzelbernturnier.de\/index.php\/wp-json\/wp\/v2\/pages\/625\/revisions"}],"predecessor-version":[{"id":3015,"href":"https:\/\/www.franzelbernturnier.de\/index.php\/wp-json\/wp\/v2\/pages\/625\/revisions\/3015"}],"up":[{"embeddable":true,"href":"https:\/\/www.franzelbernturnier.de\/index.php\/wp-json\/wp\/v2\/pages\/598"}],"wp:attachment":[{"href":"https:\/\/www.franzelbernturnier.de\/index.php\/wp-json\/wp\/v2\/media?parent=625"}],"curies":[{"name":"wp","href":"https:\/\/api.w.org\/{rel}","templated":true}]}}