{"id":66,"date":"2016-06-02T10:52:03","date_gmt":"2016-06-02T08:52:03","guid":{"rendered":"https:\/\/www.franzelbernturnier.de\/?page_id=66"},"modified":"2016-06-29T13:45:19","modified_gmt":"2016-06-29T11:45:19","slug":"franz-elbern","status":"publish","type":"page","link":"https:\/\/www.franzelbernturnier.de\/index.php\/franz-elbern\/","title":{"rendered":"Franz Elbern"},"content":{"rendered":"<p>Franz Elbern wurde am 1. November 1910 in L\u00fcttich geboren und lebte seit 1918 in Beuel, fortan spielte er zusammen mit seinen drei Br\u00fcdern beim SV Beuel 06. F\u00fcr die Deutsche Fu\u00dfballnationalmannschaft lief er insgesamt acht Mal auf und erzielte dabei 2 Tore. Sein letztes Spiel\u00a0 f\u00fcr den SV Beuel bestritt er am 3. April 1955. Er starb am 23. Februar 2002 in K\u00fcdinghoven.<br \/>\nSeit 2002 tr\u00e4gt ihm zu Ehren das Beueler Stadion seinen Namen: Franz-Elbern-Stadion. Wir erinnern auch mit dem Turnier an den gr\u00f6\u00dften Spieler aus Beuel.<\/p>\n<p>Weitere Informationen und Bilder gibt es bei <a href=\"https:\/\/de.wikipedia.org\/wiki\/Franz_Elbern\">Wikipedia<\/a>.<\/p>\n","protected":false},"excerpt":{"rendered":"<p>Franz Elbern wurde am 1. November 1910 in L\u00fcttich geboren und lebte seit 1918 in Beuel, fortan spielte er zusammen mit seinen drei Br\u00fcdern beim SV Beuel 06. F\u00fcr die Deutsche Fu\u00dfballnationalmannschaft lief er insgesamt acht Mal auf und erzielte dabei 2 Tore. Sein letztes Spiel\u00a0 f\u00fcr den SV Beuel bestritt er am 3. April&#8230; <a href=\"https:\/\/www.franzelbernturnier.de\/index.php\/franz-elbern\/\" class=\"more-link\">Weiterlesen <span class=\"screen-reader-text\">Franz Elbern<\/span><\/a><\/p>\n","protected":false},"author":1,"featured_media":0,"parent":0,"menu_order":0,"comment_status":"closed","ping_status":"closed","template":"","meta":{"footnotes":""},"class_list":["post-66","page","type-page","status-publish","hentry"],"_links":{"self":[{"href":"https:\/\/www.franzelbernturnier.de\/index.php\/wp-json\/wp\/v2\/pages\/66","targetHints":{"allow":["GET"]}}],"collection":[{"href":"https:\/\/www.franzelbernturnier.de\/index.php\/wp-json\/wp\/v2\/pages"}],"about":[{"href":"https:\/\/www.franzelbernturnier.de\/index.php\/wp-json\/wp\/v2\/types\/page"}],"author":[{"embeddable":true,"href":"https:\/\/www.franzelbernturnier.de\/index.php\/wp-json\/wp\/v2\/users\/1"}],"replies":[{"embeddable":true,"href":"https:\/\/www.franzelbernturnier.de\/index.php\/wp-json\/wp\/v2\/comments?post=66"}],"version-history":[{"count":5,"href":"https:\/\/www.franzelbernturnier.de\/index.php\/wp-json\/wp\/v2\/pages\/66\/revisions"}],"predecessor-version":[{"id":278,"href":"https:\/\/www.franzelbernturnier.de\/index.php\/wp-json\/wp\/v2\/pages\/66\/revisions\/278"}],"wp:attachment":[{"href":"https:\/\/www.franzelbernturnier.de\/index.php\/wp-json\/wp\/v2\/media?parent=66"}],"curies":[{"name":"wp","href":"https:\/\/api.w.org\/{rel}","templated":true}]}}